{"id":2399,"date":"2024-09-06T14:02:18","date_gmt":"2024-09-06T12:02:18","guid":{"rendered":"https:\/\/lenkahotel.cz\/lanovky-zdarma\/"},"modified":"2025-01-06T09:28:09","modified_gmt":"2025-01-06T08:28:09","slug":"lanovky-zdarma","status":"publish","type":"page","link":"https:\/\/lenkahotel.cz\/de\/lanovky-zdarma\/","title":{"rendered":"Kostenlose Seilbahnen"},"content":{"rendered":"<p>[et_pb_section fb_built=&#8220;1&#8243; custom_padding_last_edited=&#8220;on|phone&#8220; _builder_version=&#8220;4.27.0&#8243; _module_preset=&#8220;default&#8220; background_image=&#8220;http:\/\/lenkahotel.cz\/wp-content\/uploads\/2024\/09\/lanovky-zdarma-spindleruv-mlyn.jpg&#8220; custom_margin=&#8220;||||false|false&#8220; custom_padding=&#8220;160px||100px||false|false&#8220; custom_padding_tablet=&#8220;160px||100px||false|false&#8220; custom_padding_phone=&#8220;150px||50px||false|false&#8220; global_colors_info=&#8220;{}&#8220; min_height__hover_enabled=&#8220;on|desktop&#8220;][et_pb_row _builder_version=&#8220;4.27.0&#8243; _module_preset=&#8220;default&#8220; global_colors_info=&#8220;{}&#8220;][et_pb_column type=&#8220;4_4&#8243; _builder_version=&#8220;4.27.0&#8243; _module_preset=&#8220;default&#8220; global_colors_info=&#8220;{}&#8220;][et_pb_heading title=&#8220;Kostenlose Seilbahnen&#8220; _builder_version=&#8220;4.27.0&#8243; _module_preset=&#8220;default&#8220; title_font=&#8220;Proxima nova semibold|||on|||||&#8220; title_text_align=&#8220;center&#8220; title_text_color=&#8220;#FFFFFF&#8220; title_font_size=&#8220;50px&#8220; global_colors_info=&#8220;{}&#8220;][\/et_pb_heading][\/et_pb_column][\/et_pb_row][\/et_pb_section][et_pb_section fb_built=&#8220;1&#8243; _builder_version=&#8220;4.27.0&#8243; _module_preset=&#8220;default&#8220; global_colors_info=&#8220;{}&#8220;][et_pb_row column_structure=&#8220;1_2,1_2&#8243; _builder_version=&#8220;4.27.0&#8243; _module_preset=&#8220;default&#8220; max_width=&#8220;70%&#8220; global_colors_info=&#8220;{}&#8220;][et_pb_column type=&#8220;1_2&#8243; _builder_version=&#8220;4.27.0&#8243; _module_preset=&#8220;default&#8220; global_colors_info=&#8220;{}&#8220;][et_pb_heading title=&#8220;KOSTENLOSE SOMMERBAHNEN&#8220; _builder_version=&#8220;4.27.0&#8243; _module_preset=&#8220;default&#8220; title_level=&#8220;h2&#8243; title_font=&#8220;Proxima nova semibold||||||||&#8220; title_text_align=&#8220;left&#8220; title_text_color=&#8220;#ac996a&#8220; title_font_size=&#8220;35px&#8220; custom_padding=&#8220;||||false|false&#8220; hover_enabled=&#8220;0&#8243; global_colors_info=&#8220;{}&#8220; sticky_enabled=&#8220;0&#8243;][\/et_pb_heading][et_pb_text _builder_version=&#8220;4.27.0&#8243; _module_preset=&#8220;default&#8220; text_font_size=&#8220;16px&#8220; global_colors_info=&#8220;{}&#8220;]<\/p>\n<p><span>Einer der gro\u00dfen Vorteile eines Aufenthalts im Hotel Lenka ist die M\u00f6glichkeit, <strong>die Sommerbergbahnen kostenlos zu nutzen.<\/strong><\/span><\/p>\n<p><span>F\u00fcr jede Nacht, die Sie bei uns verbringen, erhalten Sie v\u00f6llig kostenlos <strong>ein Ticket f\u00fcr die Hin- und R\u00fcckfahrt mit den Seilbahnen Svat\u00fd Petr oder Medv\u011bd\u00edn.<\/strong><\/span><\/p>\n<p><span>Registrieren Sie sich einfach f\u00fcr das Treueprogramm GOPASS und genie\u00dfen Sie bequemen und schnellen Zugang zu diesen beliebten Gipfeln des Riesengebirges.<\/span><\/p>\n<p><span>Nutzen Sie die Gelegenheit, die Sch\u00f6nheit von Spindlerm\u00fchle aus einer neuen Perspektive zu erkunden.<\/span><\/p>\n<p><strong>Den Betrieb der Bergbahnen finden Sie hier:<\/strong><\/p>\n<p><a href=\"https:\/\/www.skiareal.cz\/resort\/skiareal-live\">https:\/\/www.skiareal.cz\/resort\/skiareal-live<\/a><\/p>\n<p><strong>Eine GOPASS-Registrierung ist hier nicht m\u00f6glich:<\/strong><\/p>\n<p><a href=\"https:\/\/www.gopass.travel\/CZ\/homepage\/registration\">https:\/\/www.gopass.travel\/CZ\/homepage\/registration<\/a><\/p>\n<p>[\/et_pb_text][\/et_pb_column][et_pb_column type=&#8220;1_2&#8243; _builder_version=&#8220;4.27.0&#8243; _module_preset=&#8220;default&#8220; global_colors_info=&#8220;{}&#8220;][et_pb_image src=&#8220;http:\/\/lenkahotel.cz\/wp-content\/uploads\/2024\/09\/lanovky-zdarma-medvedin-1.png&#8220; title_text=&#8220;Kostenlose Seilbahnen &#8211; Medv\u011bd\u00edn&#8220; _builder_version=&#8220;4.27.0&#8243; _module_preset=&#8220;default&#8220; custom_margin=&#8220;30px||||false|false&#8220; global_colors_info=&#8220;{}&#8220;][\/et_pb_image][\/et_pb_column][\/et_pb_row][\/et_pb_section]<\/p>\n","protected":false},"excerpt":{"rendered":"<p>Einer der gro\u00dfen Vorteile eines Aufenthalts im Hotel Lenka ist die M\u00f6glichkeit, die Sommerbergbahnen kostenlos zu nutzen. F\u00fcr jede Nacht, die Sie bei uns verbringen, erhalten Sie v\u00f6llig kostenlos ein Ticket f\u00fcr die Hin- und R\u00fcckfahrt mit den Seilbahnen Svat\u00fd Petr oder Medv\u011bd\u00edn. Registrieren Sie sich einfach f\u00fcr das Treueprogramm GOPASS und genie\u00dfen Sie bequemen [&hellip;]<\/p>\n","protected":false},"author":1,"featured_media":0,"parent":0,"menu_order":0,"comment_status":"closed","ping_status":"closed","template":"","meta":{"_et_pb_use_builder":"on","_et_pb_old_content":"","_et_gb_content_width":"","footnotes":""},"class_list":["post-2399","page","type-page","status-publish","hentry"],"_links":{"self":[{"href":"https:\/\/lenkahotel.cz\/de\/wp-json\/wp\/v2\/pages\/2399","targetHints":{"allow":["GET"]}}],"collection":[{"href":"https:\/\/lenkahotel.cz\/de\/wp-json\/wp\/v2\/pages"}],"about":[{"href":"https:\/\/lenkahotel.cz\/de\/wp-json\/wp\/v2\/types\/page"}],"author":[{"embeddable":true,"href":"https:\/\/lenkahotel.cz\/de\/wp-json\/wp\/v2\/users\/1"}],"replies":[{"embeddable":true,"href":"https:\/\/lenkahotel.cz\/de\/wp-json\/wp\/v2\/comments?post=2399"}],"version-history":[{"count":6,"href":"https:\/\/lenkahotel.cz\/de\/wp-json\/wp\/v2\/pages\/2399\/revisions"}],"predecessor-version":[{"id":2405,"href":"https:\/\/lenkahotel.cz\/de\/wp-json\/wp\/v2\/pages\/2399\/revisions\/2405"}],"wp:attachment":[{"href":"https:\/\/lenkahotel.cz\/de\/wp-json\/wp\/v2\/media?parent=2399"}],"curies":[{"name":"wp","href":"https:\/\/api.w.org\/{rel}","templated":true}]}}