{"id":2705,"date":"2024-10-02T21:20:27","date_gmt":"2024-10-02T19:20:27","guid":{"rendered":"https:\/\/lenkahotel.cz\/fur-gruppen\/"},"modified":"2025-02-24T09:42:17","modified_gmt":"2025-02-24T08:42:17","slug":"fur-gruppen","status":"publish","type":"page","link":"https:\/\/lenkahotel.cz\/de\/fur-gruppen\/","title":{"rendered":"F\u00fcr Gruppen"},"content":{"rendered":"<p>[et_pb_section fb_built=&#8220;1&#8243; _builder_version=&#8220;4.27.0&#8243; _module_preset=&#8220;default&#8220; background_image=&#8220;https:\/\/lenkahotel.cz\/wp-content\/uploads\/2024\/10\/Pro-skupiny.jpg&#8220; custom_margin=&#8220;||||false|false&#8220; custom_padding=&#8220;150px||50px||false|false&#8220; hover_enabled=&#8220;0&#8243; global_colors_info=&#8220;{}&#8220; min_height__hover_enabled=&#8220;on|desktop&#8220; theme_builder_area=&#8220;post_content&#8220; title_text=&#8220;Pro skupiny&#8220; sticky_enabled=&#8220;0&#8243;][et_pb_row _builder_version=&#8220;4.27.0&#8243; _module_preset=&#8220;default&#8220; global_colors_info=&#8220;{}&#8220; theme_builder_area=&#8220;post_content&#8220;][et_pb_column type=&#8220;4_4&#8243; _builder_version=&#8220;4.27.0&#8243; _module_preset=&#8220;default&#8220; global_colors_info=&#8220;{}&#8220; theme_builder_area=&#8220;post_content&#8220;][et_pb_heading title=&#8220;F\u00dcR GRUPPEN&#8220; _builder_version=&#8220;4.27.0&#8243; _module_preset=&#8220;default&#8220; title_font=&#8220;Proxima nova semibold|||on|||||&#8220; title_text_align=&#8220;center&#8220; title_text_color=&#8220;#FFFFFF&#8220; title_font_size=&#8220;50px&#8220; hover_enabled=&#8220;0&#8243; global_colors_info=&#8220;{}&#8220; theme_builder_area=&#8220;post_content&#8220; sticky_enabled=&#8220;0&#8243;][\/et_pb_heading][\/et_pb_column][\/et_pb_row][\/et_pb_section][et_pb_section fb_built=&#8220;1&#8243; _builder_version=&#8220;4.27.0&#8243; _module_preset=&#8220;default&#8220; global_colors_info=&#8220;{}&#8220; theme_builder_area=&#8220;post_content&#8220;][et_pb_row column_structure=&#8220;1_2,1_2&#8243; _builder_version=&#8220;4.27.0&#8243; _module_preset=&#8220;default&#8220; max_width=&#8220;70%&#8220; global_colors_info=&#8220;{}&#8220; theme_builder_area=&#8220;post_content&#8220;][et_pb_column type=&#8220;1_2&#8243; _builder_version=&#8220;4.27.0&#8243; _module_preset=&#8220;default&#8220; global_colors_info=&#8220;{}&#8220; theme_builder_area=&#8220;post_content&#8220;][et_pb_heading title=&#8220;TEAMBULDING UND SCHULGRUPPEN&#8220; _builder_version=&#8220;4.27.0&#8243; _module_preset=&#8220;default&#8220; title_level=&#8220;h2&#8243; title_font=&#8220;Proxima nova semibold||||||||&#8220; title_text_align=&#8220;left&#8220; title_text_color=&#8220;#ac996a&#8220; title_font_size=&#8220;35px&#8220; width=&#8220;80%&#8220; width_tablet=&#8220;80%&#8220; width_phone=&#8220;100%&#8220; width_last_edited=&#8220;on|phone&#8220; custom_padding=&#8220;||||false|false&#8220; hover_enabled=&#8220;0&#8243; global_colors_info=&#8220;{}&#8220; theme_builder_area=&#8220;post_content&#8220; sticky_enabled=&#8220;0&#8243;][\/et_pb_heading][et_pb_text _builder_version=&#8220;4.27.0&#8243; _module_preset=&#8220;default&#8220; text_font_size=&#8220;16px&#8220; hover_enabled=&#8220;0&#8243; global_colors_info=&#8220;{}&#8220; theme_builder_area=&#8220;post_content&#8220; sticky_enabled=&#8220;0&#8243;]<\/p>\n<p>Unser Hotel ist die ideale Wahl f\u00fcr <strong>Teambuilding- Events und f\u00fcr Sch\u00fclergruppen<\/strong>. Wir bieten zwei Restaurants mit einer Kinderecke, wo Sie die tolle Atmosph\u00e4re und das Angebot an Speisen und Getr\u00e4nken genie\u00dfen k\u00f6nnen. <\/p>\n<p>Wir verf\u00fcgen \u00fcber eine <strong>moderne Ausstattung, darunter einen Dataprojektor und eine Leinw\u00e4nde<\/strong>, die sich ideal f\u00fcr Pr\u00e4sentationen oder Filmvorf\u00fchrungen eignen. Zur Freizeitgestaltung k\u00f6nnen Sie die <strong>Feuerstelle im Au\u00dfenbereich und den Kinderspielplatz<\/strong> nutzen, so dass Spa\u00df f\u00fcr alle Altersgruppen gew\u00e4hrleistet ist. <\/p>\n<p>[\/et_pb_text][et_pb_button button_url=&#8220;#kontakt&#8220; button_text=&#8220;SCHREIBEN SIE UNS&#8220; button_alignment_tablet=&#8220;&#8220; button_alignment_phone=&#8220;center&#8220; button_alignment_last_edited=&#8220;on|phone&#8220; _builder_version=&#8220;4.27.0&#8243; _module_preset=&#8220;default&#8220; custom_button=&#8220;on&#8220; button_text_color=&#8220;#FFFFFF&#8220; button_bg_color=&#8220;#ac996a&#8220; button_border_color=&#8220;RGBA(255,255,255,0)&#8220; hover_enabled=&#8220;0&#8243; global_colors_info=&#8220;{}&#8220; theme_builder_area=&#8220;post_content&#8220; sticky_enabled=&#8220;0&#8243;][\/et_pb_button][\/et_pb_column][et_pb_column type=&#8220;1_2&#8243; _builder_version=&#8220;4.27.0&#8243; _module_preset=&#8220;default&#8220; global_colors_info=&#8220;{}&#8220; theme_builder_area=&#8220;post_content&#8220;][et_pb_image src=&#8220;https:\/\/lenkahotel.cz\/wp-content\/uploads\/2024\/10\/Teambulding-a-skolni-akce.jpg&#8220; title_text=&#8220;Teambulding und Schulausfl\u00fcge&#8220; _builder_version=&#8220;4.27.0&#8243; _module_preset=&#8220;default&#8220; custom_margin=&#8220;||||false|false&#8220; hover_enabled=&#8220;0&#8243; global_colors_info=&#8220;{}&#8220; theme_builder_area=&#8220;post_content&#8220; sticky_enabled=&#8220;0&#8243;][\/et_pb_image][\/et_pb_column][\/et_pb_row][\/et_pb_section][et_pb_section fb_built=&#8220;1&#8243; module_id=&#8220;Kontakt&#8220; _builder_version=&#8220;4.27.0&#8243; _module_preset=&#8220;default&#8220; background_image=&#8220;http:\/\/lenkahotel.cz\/wp-content\/uploads\/2024\/08\/Formular-foto.jpg&#8220; global_module=&#8220;1099&#8243; saved_tabs=&#8220;all&#8220; global_colors_info=&#8220;{}&#8220; theme_builder_area=&#8220;post_content&#8220;][et_pb_row _builder_version=&#8220;4.27.0&#8243; _module_preset=&#8220;default&#8220; global_colors_info=&#8220;{}&#8220; theme_builder_area=&#8220;post_content&#8220;][et_pb_column type=&#8220;4_4&#8243; _builder_version=&#8220;4.27.0&#8243; _module_preset=&#8220;default&#8220; global_colors_info=&#8220;{}&#8220; theme_builder_area=&#8220;post_content&#8220;][et_pb_heading title=&#8220;WIR SIND F\u00dcR SIE DA&#8220; _builder_version=&#8220;4.27.0&#8243; _module_preset=&#8220;default&#8220; title_level=&#8220;h2&#8243; title_font=&#8220;Proxima nova semibold||||||||&#8220; title_text_align=&#8220;center&#8220; title_text_color=&#8220;#FFFFFF&#8220; title_font_size=&#8220;35px&#8220; global_colors_info=&#8220;{}&#8220; theme_builder_area=&#8220;post_content&#8220;][\/et_pb_heading][\/et_pb_column][\/et_pb_row][et_pb_row _builder_version=&#8220;4.27.0&#8243; _module_preset=&#8220;default&#8220; custom_margin=&#8220;-40px||||false|false&#8220; custom_padding=&#8220;||||false|false&#8220; global_colors_info=&#8220;{}&#8220; theme_builder_area=&#8220;post_content&#8220;][et_pb_column type=&#8220;4_4&#8243; _builder_version=&#8220;4.27.0&#8243; _module_preset=&#8220;default&#8220; global_colors_info=&#8220;{}&#8220; theme_builder_area=&#8220;post_content&#8220;][et_pb_text _builder_version=&#8220;4.27.0&#8243; _module_preset=&#8220;default&#8220; text_text_color=&#8220;#FFFFFF&#8220; text_font_size=&#8220;18px&#8220; header_text_color=&#8220;#FFFFFF&#8220; text_orientation=&#8220;center&#8220; global_colors_info=&#8220;{}&#8220; theme_builder_area=&#8220;post_content&#8220;]<\/p>\n<p>Z\u00f6gern Sie nicht, uns zu kontaktieren.<br \/>Gerne beantworten wir Ihre Fragen und finden die beste Option f\u00fcr Sie.<\/p>\n<p>[\/et_pb_text][et_pb_contact_form use_spam_service=&#8220;on&#8220; recaptcha_list=&#8220;Default|Default-0&#8243; recaptcha_min_score=&#8220;0.3&#8243; email=&#8220;info@lenkahotel.cz&#8220; success_message=&#8220;Vielen Dank f\u00fcr Ihre Nachricht. Wir werden uns in K\u00fcrze bei Ihnen melden! &#8220; submit_button_text=&#8220;SENDEN&#8220; _builder_version=&#8220;4.27.0&#8243; _module_preset=&#8220;default&#8220; _unique_id=&#8220;afb836ad-ff85-4f9c-a4b4-680cd65ce3dc&#8220; form_field_text_color=&#8220;#000000&#8243; form_field_focus_background_color=&#8220;#FFFFFF&#8220; form_field_focus_text_color=&#8220;#000000&#8243; custom_button=&#8220;on&#8220; button_text_color=&#8220;#FFFFFF&#8220; button_custom_margin=&#8220;|475px|||false|false&#8220; button_custom_margin_tablet=&#8220;|475px|||false|false&#8220; button_custom_margin_phone=&#8220;22px|0px|||false|false&#8220; button_custom_margin_last_edited=&#8220;on|phone&#8220; button_custom_padding=&#8220;|35px||35px|false|true&#8220; global_colors_info=&#8220;{}&#8220; theme_builder_area=&#8220;post_content&#8220;][et_pb_contact_field field_id=&#8220;Name&#8220; field_title=&#8220;Vor- und Nachnamen&#8220; _builder_version=&#8220;4.27.0&#8243; global_colors_info=&#8220;{}&#8220; button_text_size__hover_enabled=&#8220;off&#8220; button_one_text_size__hover_enabled=&#8220;off&#8220; button_two_text_size__hover_enabled=&#8220;off&#8220; button_text_color__hover_enabled=&#8220;off&#8220; button_one_text_color__hover_enabled=&#8220;off&#8220; button_two_text_color__hover_enabled=&#8220;off&#8220; button_border_width__hover_enabled=&#8220;off&#8220; button_one_border_width__hover_enabled=&#8220;off&#8220; button_two_border_width__hover_enabled=&#8220;off&#8220; button_border_color__hover_enabled=&#8220;off&#8220; button_one_border_color__hover_enabled=&#8220;off&#8220; button_two_border_color__hover_enabled=&#8220;off&#8220; button_border_radius__hover_enabled=&#8220;off&#8220; button_one_border_radius__hover_enabled=&#8220;off&#8220; button_two_border_radius__hover_enabled=&#8220;off&#8220; button_letter_spacing__hover_enabled=&#8220;off&#8220; button_one_letter_spacing__hover_enabled=&#8220;off&#8220; button_two_letter_spacing__hover_enabled=&#8220;off&#8220; button_bg_color__hover_enabled=&#8220;off&#8220; button_one_bg_color__hover_enabled=&#8220;off&#8220; button_two_bg_color__hover_enabled=&#8220;off&#8220; theme_builder_area=&#8220;post_content&#8220;][\/et_pb_contact_field][et_pb_contact_field field_id=&#8220;Email&#8220; field_title=&#8220;E-Mail&#8220; field_type=&#8220;email&#8220; _builder_version=&#8220;4.27.0&#8243; global_colors_info=&#8220;{}&#8220; button_text_size__hover_enabled=&#8220;off&#8220; button_one_text_size__hover_enabled=&#8220;off&#8220; button_two_text_size__hover_enabled=&#8220;off&#8220; button_text_color__hover_enabled=&#8220;off&#8220; button_one_text_color__hover_enabled=&#8220;off&#8220; button_two_text_color__hover_enabled=&#8220;off&#8220; button_border_width__hover_enabled=&#8220;off&#8220; button_one_border_width__hover_enabled=&#8220;off&#8220; button_two_border_width__hover_enabled=&#8220;off&#8220; button_border_color__hover_enabled=&#8220;off&#8220; button_one_border_color__hover_enabled=&#8220;off&#8220; button_two_border_color__hover_enabled=&#8220;off&#8220; button_border_radius__hover_enabled=&#8220;off&#8220; button_one_border_radius__hover_enabled=&#8220;off&#8220; button_two_border_radius__hover_enabled=&#8220;off&#8220; button_letter_spacing__hover_enabled=&#8220;off&#8220; button_one_letter_spacing__hover_enabled=&#8220;off&#8220; button_two_letter_spacing__hover_enabled=&#8220;off&#8220; button_bg_color__hover_enabled=&#8220;off&#8220; button_one_bg_color__hover_enabled=&#8220;off&#8220; button_two_bg_color__hover_enabled=&#8220;off&#8220; theme_builder_area=&#8220;post_content&#8220;][\/et_pb_contact_field][et_pb_contact_field field_id=&#8220;Message&#8220; field_title=&#8220;Ihre Nachricht&#8220; field_type=&#8220;text&#8220; fullwidth_field=&#8220;on&#8220; _builder_version=&#8220;4.27.0&#8243; global_colors_info=&#8220;{}&#8220; button_text_size__hover_enabled=&#8220;off&#8220; button_one_text_size__hover_enabled=&#8220;off&#8220; button_two_text_size__hover_enabled=&#8220;off&#8220; button_text_color__hover_enabled=&#8220;off&#8220; button_one_text_color__hover_enabled=&#8220;off&#8220; button_two_text_color__hover_enabled=&#8220;off&#8220; button_border_width__hover_enabled=&#8220;off&#8220; button_one_border_width__hover_enabled=&#8220;off&#8220; button_two_border_width__hover_enabled=&#8220;off&#8220; button_border_color__hover_enabled=&#8220;off&#8220; button_one_border_color__hover_enabled=&#8220;off&#8220; button_two_border_color__hover_enabled=&#8220;off&#8220; button_border_radius__hover_enabled=&#8220;off&#8220; button_one_border_radius__hover_enabled=&#8220;off&#8220; button_two_border_radius__hover_enabled=&#8220;off&#8220; button_letter_spacing__hover_enabled=&#8220;off&#8220; button_one_letter_spacing__hover_enabled=&#8220;off&#8220; button_two_letter_spacing__hover_enabled=&#8220;off&#8220; button_bg_color__hover_enabled=&#8220;off&#8220; button_one_bg_color__hover_enabled=&#8220;off&#8220; button_two_bg_color__hover_enabled=&#8220;off&#8220; theme_builder_area=&#8220;post_content&#8220;][\/et_pb_contact_field][\/et_pb_contact_form][\/et_pb_column][\/et_pb_row][\/et_pb_section]<\/p>\n","protected":false},"excerpt":{"rendered":"<p>Unser Hotel ist die ideale Wahl f\u00fcr Teambuilding- Events und f\u00fcr Sch\u00fclergruppen. Wir bieten zwei Restaurants mit einer Kinderecke, wo Sie die tolle Atmosph\u00e4re und das Angebot an Speisen und Getr\u00e4nken genie\u00dfen k\u00f6nnen. Wir verf\u00fcgen \u00fcber eine moderne Ausstattung, darunter einen Dataprojektor und eine Leinw\u00e4nde, die sich ideal f\u00fcr Pr\u00e4sentationen oder Filmvorf\u00fchrungen eignen. Zur Freizeitgestaltung [&hellip;]<\/p>\n","protected":false},"author":1,"featured_media":0,"parent":0,"menu_order":0,"comment_status":"closed","ping_status":"closed","template":"","meta":{"_et_pb_use_builder":"on","_et_pb_old_content":"","_et_gb_content_width":"","footnotes":""},"class_list":["post-2705","page","type-page","status-publish","hentry"],"_links":{"self":[{"href":"https:\/\/lenkahotel.cz\/de\/wp-json\/wp\/v2\/pages\/2705","targetHints":{"allow":["GET"]}}],"collection":[{"href":"https:\/\/lenkahotel.cz\/de\/wp-json\/wp\/v2\/pages"}],"about":[{"href":"https:\/\/lenkahotel.cz\/de\/wp-json\/wp\/v2\/types\/page"}],"author":[{"embeddable":true,"href":"https:\/\/lenkahotel.cz\/de\/wp-json\/wp\/v2\/users\/1"}],"replies":[{"embeddable":true,"href":"https:\/\/lenkahotel.cz\/de\/wp-json\/wp\/v2\/comments?post=2705"}],"version-history":[{"count":2,"href":"https:\/\/lenkahotel.cz\/de\/wp-json\/wp\/v2\/pages\/2705\/revisions"}],"predecessor-version":[{"id":2707,"href":"https:\/\/lenkahotel.cz\/de\/wp-json\/wp\/v2\/pages\/2705\/revisions\/2707"}],"wp:attachment":[{"href":"https:\/\/lenkahotel.cz\/de\/wp-json\/wp\/v2\/media?parent=2705"}],"curies":[{"name":"wp","href":"https:\/\/api.w.org\/{rel}","templated":true}]}}