{"id":2465,"date":"2024-09-06T14:02:18","date_gmt":"2024-09-06T12:02:18","guid":{"rendered":"https:\/\/lenkahotel.cz\/bezplatne-kolejki-linowe\/"},"modified":"2025-01-29T21:08:42","modified_gmt":"2025-01-29T20:08:42","slug":"bezplatne-kolejki-linowe","status":"publish","type":"page","link":"https:\/\/lenkahotel.cz\/pl\/bezplatne-kolejki-linowe\/","title":{"rendered":"Bezp\u0142atne kolejki linowe"},"content":{"rendered":"<p>[et_pb_section fb_built=&#8221;1&#8243; custom_padding_last_edited=&#8221;on|phone&#8221; _builder_version=&#8221;4.27.0&#8243; _module_preset=&#8221;default&#8221; background_image=&#8221;http:\/\/lenkahotel.cz\/wp-content\/uploads\/2024\/09\/lanovky-zdarma-spindleruv-mlyn.jpg&#8221; custom_margin=&#8221;||||false|false&#8221; custom_padding=&#8221;160px||100px||false|false&#8221; custom_padding_tablet=&#8221;160px||100px||false|false&#8221; custom_padding_phone=&#8221;150px||50px||false|false&#8221; global_colors_info=&#8221;{}&#8221; min_height__hover_enabled=&#8221;on|desktop&#8221;][et_pb_row _builder_version=&#8221;4.27.0&#8243; _module_preset=&#8221;default&#8221; global_colors_info=&#8221;{}&#8221;][et_pb_column type=&#8221;4_4&#8243; _builder_version=&#8221;4.27.0&#8243; _module_preset=&#8221;default&#8221; global_colors_info=&#8221;{}&#8221;][et_pb_heading title=&#8221;Bezp\u0142atne kolejki linowe&#8221; _builder_version=&#8221;4.27.0&#8243; _module_preset=&#8221;default&#8221; title_font=&#8221;Proxima nova semibold|||on|||||&#8221; title_text_align=&#8221;center&#8221; title_text_color=&#8221;#FFFFFF&#8221; title_font_size=&#8221;50px&#8221; global_colors_info=&#8221;{}&#8221;][\/et_pb_heading][\/et_pb_column][\/et_pb_row][\/et_pb_section][et_pb_section fb_built=&#8221;1&#8243; _builder_version=&#8221;4.27.0&#8243; _module_preset=&#8221;default&#8221; global_colors_info=&#8221;{}&#8221;][et_pb_row column_structure=&#8221;1_2,1_2&#8243; _builder_version=&#8221;4.27.0&#8243; _module_preset=&#8221;default&#8221; max_width=&#8221;70%&#8221; global_colors_info=&#8221;{}&#8221;][et_pb_column type=&#8221;1_2&#8243; _builder_version=&#8221;4.27.0&#8243; _module_preset=&#8221;default&#8221; global_colors_info=&#8221;{}&#8221;][et_pb_heading title=&#8221;LATEM BEZP\u0141ATNE KOLEJKI LINOWE&#8221; _builder_version=&#8221;4.27.0&#8243; _module_preset=&#8221;default&#8221; title_level=&#8221;h2&#8243; title_font=&#8221;Proxima nova semibold||||||||&#8221; title_text_align=&#8221;left&#8221; title_text_color=&#8221;#ac996a&#8221; title_font_size=&#8221;35px&#8221; custom_padding=&#8221;||||false|false&#8221; hover_enabled=&#8221;0&#8243; global_colors_info=&#8221;{}&#8221; sticky_enabled=&#8221;0&#8243;][\/et_pb_heading][et_pb_text _builder_version=&#8221;4.27.0&#8243; _module_preset=&#8221;default&#8221; text_font_size=&#8221;16px&#8221; global_colors_info=&#8221;{}&#8221;]<\/p>\n<p><span>Wielk\u0105 zalet\u0105 pobytu w hotelu Lenka jest mo\u017cliwo\u015b\u0107 <strong>bezp\u0142atnego korzystania z letnich kolejek<\/strong> linowych.<br \/><\/span><\/p>\n<p><span>Za ka\u017cd\u0105 noc sp\u0119dzon\u0105 u nas, otrzymasz<br \/><strong>bezp\u0142atny bilet powrotny na kolejki linowe Svat\u00fd Petr lub Medv\u011bd\u00edn.<\/strong><\/p>\n<p><\/span><\/p>\n<p><span>Wystarczy, \u017ce zarejestrujesz si\u0119 w programie lojalno\u015bciowym GOPASS, a b\u0119dziesz m\u00f3g\u0142 cieszy\u0107 si\u0119 wygodnym i szybkim dost\u0119pem na popularne karkonoskie szczyty.<br \/><\/span><\/p>\n<p><span>Skorzystaj z okazji, by pozna\u0107 pi\u0119kno Szpindlerowego M\u0142yna z nowej perspektywy.<br \/><\/span><\/p>\n<p><strong>Godziny otwarcia kolejek linowych znajdziesz tutaj:<\/strong><\/p>\n<p><a href=\"https:\/\/www.skiareal.cz\/resort\/skiareal-live\">https:\/\/www.skiareal.cz\/resort\/skiareal-live<\/a><\/p>\n<p><strong>Rejestracj\u0119 GOPASSU znajdziesz tutaj:<\/strong><\/p>\n<p><a href=\"https:\/\/www.gopass.travel\/CZ\/homepage\/registration\">https:\/\/www.gopass.travel\/CZ\/homepage\/registration<\/a><\/p>\n<p>[\/et_pb_text][\/et_pb_column][et_pb_column type=&#8221;1_2&#8243; _builder_version=&#8221;4.27.0&#8243; _module_preset=&#8221;default&#8221; global_colors_info=&#8221;{}&#8221;][et_pb_image src=&#8221;http:\/\/lenkahotel.cz\/wp-content\/uploads\/2024\/09\/lanovky-zdarma-medvedin-1.png&#8221; title_text=&#8221;bezp\u0142atne kolejki linowe &#8211; Medv\u011bd\u00edn&#8221; _builder_version=&#8221;4.27.0&#8243; _module_preset=&#8221;default&#8221; custom_margin=&#8221;30px||||false|false&#8221; global_colors_info=&#8221;{}&#8221;][\/et_pb_image][\/et_pb_column][\/et_pb_row][\/et_pb_section]<\/p>\n","protected":false},"excerpt":{"rendered":"<p>Wielk\u0105 zalet\u0105 pobytu w hotelu Lenka jest mo\u017cliwo\u015b\u0107 bezp\u0142atnego korzystania z letnich kolejek linowych. Za ka\u017cd\u0105 noc sp\u0119dzon\u0105 u nas, otrzymaszbezp\u0142atny bilet powrotny na kolejki linowe Svat\u00fd Petr lub Medv\u011bd\u00edn. Wystarczy, \u017ce zarejestrujesz si\u0119 w programie lojalno\u015bciowym GOPASS, a b\u0119dziesz m\u00f3g\u0142 cieszy\u0107 si\u0119 wygodnym i szybkim dost\u0119pem na popularne karkonoskie szczyty. Skorzystaj z okazji, by [&hellip;]<\/p>\n","protected":false},"author":1,"featured_media":0,"parent":0,"menu_order":0,"comment_status":"closed","ping_status":"closed","template":"","meta":{"_et_pb_use_builder":"on","_et_pb_old_content":"","_et_gb_content_width":"","footnotes":""},"class_list":["post-2465","page","type-page","status-publish","hentry"],"_links":{"self":[{"href":"https:\/\/lenkahotel.cz\/pl\/wp-json\/wp\/v2\/pages\/2465","targetHints":{"allow":["GET"]}}],"collection":[{"href":"https:\/\/lenkahotel.cz\/pl\/wp-json\/wp\/v2\/pages"}],"about":[{"href":"https:\/\/lenkahotel.cz\/pl\/wp-json\/wp\/v2\/types\/page"}],"author":[{"embeddable":true,"href":"https:\/\/lenkahotel.cz\/pl\/wp-json\/wp\/v2\/users\/1"}],"replies":[{"embeddable":true,"href":"https:\/\/lenkahotel.cz\/pl\/wp-json\/wp\/v2\/comments?post=2465"}],"version-history":[{"count":2,"href":"https:\/\/lenkahotel.cz\/pl\/wp-json\/wp\/v2\/pages\/2465\/revisions"}],"predecessor-version":[{"id":2467,"href":"https:\/\/lenkahotel.cz\/pl\/wp-json\/wp\/v2\/pages\/2465\/revisions\/2467"}],"wp:attachment":[{"href":"https:\/\/lenkahotel.cz\/pl\/wp-json\/wp\/v2\/media?parent=2465"}],"curies":[{"name":"wp","href":"https:\/\/api.w.org\/{rel}","templated":true}]}}