{"id":2505,"date":"2024-09-06T12:49:09","date_gmt":"2024-09-06T10:49:09","guid":{"rendered":"https:\/\/lenkahotel.cz\/restauracja\/"},"modified":"2025-12-17T11:23:16","modified_gmt":"2025-12-17T10:23:16","slug":"restauracja","status":"publish","type":"page","link":"https:\/\/lenkahotel.cz\/pl\/restauracja\/","title":{"rendered":"Restauracja"},"content":{"rendered":"<p>[et_pb_section fb_built=&#8221;1&#8243; _builder_version=&#8221;4.27.0&#8243; _module_preset=&#8221;default&#8221; background_image=&#8221;http:\/\/lenkahotel.cz\/wp-content\/uploads\/2024\/09\/Restaurace-1.jpg&#8221; custom_margin=&#8221;||||false|false&#8221; custom_padding=&#8221;150px||50px||false|false&#8221; global_colors_info=&#8221;{}&#8221; min_height__hover_enabled=&#8221;on|desktop&#8221;][et_pb_row _builder_version=&#8221;4.27.0&#8243; _module_preset=&#8221;default&#8221; global_colors_info=&#8221;{}&#8221;][et_pb_column type=&#8221;4_4&#8243; _builder_version=&#8221;4.27.0&#8243; _module_preset=&#8221;default&#8221; global_colors_info=&#8221;{}&#8221;][et_pb_heading title=&#8221;Restauracja&#8221; _builder_version=&#8221;4.27.0&#8243; _module_preset=&#8221;default&#8221; title_font=&#8221;Proxima nova semibold|||on|||||&#8221; title_text_align=&#8221;center&#8221; title_text_color=&#8221;#FFFFFF&#8221; title_font_size=&#8221;50px&#8221; global_colors_info=&#8221;{}&#8221;][\/et_pb_heading][\/et_pb_column][\/et_pb_row][\/et_pb_section][et_pb_section fb_built=&#8221;1&#8243; _builder_version=&#8221;4.27.0&#8243; _module_preset=&#8221;default&#8221; global_colors_info=&#8221;{}&#8221;][et_pb_row column_structure=&#8221;1_2,1_2&#8243; _builder_version=&#8221;4.27.0&#8243; _module_preset=&#8221;default&#8221; max_width=&#8221;70%&#8221; global_colors_info=&#8221;{}&#8221;][et_pb_column type=&#8221;1_2&#8243; _builder_version=&#8221;4.27.0&#8243; _module_preset=&#8221;default&#8221; global_colors_info=&#8221;{}&#8221;][et_pb_heading title=&#8221;NASZA RESTAURACJA&#8221; _builder_version=&#8221;4.27.0&#8243; _module_preset=&#8221;default&#8221; title_level=&#8221;h2&#8243; title_font=&#8221;Proxima nova semibold||||||||&#8221; title_text_align=&#8221;left&#8221; title_text_color=&#8221;#ac996a&#8221; title_font_size=&#8221;35px&#8221; custom_padding=&#8221;||||false|false&#8221; global_colors_info=&#8221;{}&#8221;][\/et_pb_heading][et_pb_text _builder_version=&#8221;4.27.0&#8243; _module_preset=&#8221;default&#8221; text_font_size=&#8221;16px&#8221; custom_margin=&#8221;||0px|||&#8221; custom_padding=&#8221;||0px|||&#8221; global_colors_info=&#8221;{}&#8221;]<\/p>\n<p>Nasza restauracja, po\u0142o\u017cona w malowniczej okolicy Karkonoszy, oferuje tradycyjn\u0105 kuchni\u0119 czesk\u0105, kt\u00f3ra zachwyci ka\u017cdego mi\u0142o\u015bnika prawdziwego jedzenia. U nas mo\u017cesz skosztowa\u0107 klasycznych da\u0144, takich jak golonka pieczona, \u017ceberka wieprzowe, dro\u017cd\u017cowe knedle z jagodami, ser sma\u017cony lub nasz\u0105 specjalno\u015b\u0107<span> knedle ziemniaczane z mi\u0119sem w\u0119dzonym i kapust\u0105.<\/span><\/p>\n<p>Czekamy na Ciebie! Serdecznie zapraszamy!<\/p>\n<p><strong>Godziny otwarcia Pon.-Niedz.<\/strong><\/p>\n<p><strong>\u015aniadanie &#8211; <\/strong> <span>w formie bufetu, opcja na ciep\u0142o i zimno. Dost\u0119pna r\u00f3wnie\u017c dla os\u00f3b z zewn\u0105trz.<\/span><\/p>\n<p><strong>godz. 8:00 &#8211; 10:00<\/strong><span><\/span><\/p>\n<p><span><strong>Restauracja<\/strong> &#8211; gotujemy do godz. 20:00<br \/><strong>godz. 12:00 &#8211; 22:00<\/strong><\/span><\/p>\n<p>&nbsp;<\/p>\n<p>&nbsp;<\/p>\n<p>[\/et_pb_text][et_pb_button button_url=&#8221;https:\/\/lenkahotel.cz\/wp-content\/uploads\/2025\/12\/Jidelni-listek-v-AJ-zima-25-26-1-1.pdf&#8221; url_new_window=&#8221;on&#8221; button_text=&#8221;KARTA DA\u0143 RESTAURACJI&#8221; button_alignment=&#8221;left&#8221; button_alignment_phone=&#8221;center&#8221; button_alignment_last_edited=&#8221;off|desktop&#8221; _builder_version=&#8221;4.27.0&#8243; _module_preset=&#8221;default&#8221; custom_button=&#8221;on&#8221; button_text_color=&#8221;#FFFFFF&#8221; button_bg_color=&#8221;#ac996a&#8221; button_border_color=&#8221;RGBA(255,255,255,0)&#8221; hover_enabled=&#8221;0&#8243; global_colors_info=&#8221;{}&#8221; sticky_enabled=&#8221;0&#8243;][\/et_pb_button][\/et_pb_column][et_pb_column type=&#8221;1_2&#8243; _builder_version=&#8221;4.27.0&#8243; _module_preset=&#8221;default&#8221; global_colors_info=&#8221;{}&#8221;][et_pb_image src=&#8221;http:\/\/lenkahotel.cz\/wp-content\/uploads\/2024\/09\/Restaurace-kolaz.png&#8221; title_text=&#8221;Restauracja &#8211; kola\u017c&#8221; _builder_version=&#8221;4.27.0&#8243; _module_preset=&#8221;default&#8221; custom_margin=&#8221;30px||||false|false&#8221; global_colors_info=&#8221;{}&#8221;][\/et_pb_image][\/et_pb_column][\/et_pb_row][et_pb_row _builder_version=&#8221;4.27.0&#8243; _module_preset=&#8221;default&#8221; global_colors_info=&#8221;{}&#8221;][et_pb_column type=&#8221;4_4&#8243; _builder_version=&#8221;4.27.0&#8243; _module_preset=&#8221;default&#8221; global_colors_info=&#8221;{}&#8221;][et_pb_divider color=&#8221;#AC996A&#8221; divider_weight=&#8221;2px&#8221; _builder_version=&#8221;4.27.0&#8243; _module_preset=&#8221;default&#8221; transform_scale=&#8221;111%|100%&#8221; transform_scale_linked=&#8221;off&#8221; global_colors_info=&#8221;{}&#8221;][\/et_pb_divider][\/et_pb_column][\/et_pb_row][et_pb_row _builder_version=&#8221;4.27.0&#8243; _module_preset=&#8221;default&#8221; global_colors_info=&#8221;{}&#8221;][et_pb_column type=&#8221;4_4&#8243; _builder_version=&#8221;4.27.0&#8243; _module_preset=&#8221;default&#8221; global_colors_info=&#8221;{}&#8221;][et_pb_gallery gallery_ids=&#8221;1123,1124,1128,1130,1490,1491,1492,1493,1494,1495,1125,1127,1126&#8243; posts_number=&#8221;19&#8243; show_title_and_caption=&#8221;off&#8221; show_pagination=&#8221;off&#8221; _builder_version=&#8221;4.27.0&#8243; _module_preset=&#8221;default&#8221; global_colors_info=&#8221;{}&#8221;][\/et_pb_gallery][\/et_pb_column][\/et_pb_row][\/et_pb_section]<\/p>\n","protected":false},"excerpt":{"rendered":"<p>Nasza restauracja, po\u0142o\u017cona w malowniczej okolicy Karkonoszy, oferuje tradycyjn\u0105 kuchni\u0119 czesk\u0105, kt\u00f3ra zachwyci ka\u017cdego mi\u0142o\u015bnika prawdziwego jedzenia. U nas mo\u017cesz skosztowa\u0107 klasycznych da\u0144, takich jak golonka pieczona, \u017ceberka wieprzowe, dro\u017cd\u017cowe knedle z jagodami, ser sma\u017cony lub nasz\u0105 specjalno\u015b\u0107 knedle ziemniaczane z mi\u0119sem w\u0119dzonym i kapust\u0105. Czekamy na Ciebie! Serdecznie zapraszamy! Godziny otwarcia Pon.-Niedz. \u015aniadanie &#8211; [&hellip;]<\/p>\n","protected":false},"author":1,"featured_media":0,"parent":0,"menu_order":0,"comment_status":"closed","ping_status":"closed","template":"","meta":{"_et_pb_use_builder":"on","_et_pb_old_content":"","_et_gb_content_width":"","footnotes":""},"class_list":["post-2505","page","type-page","status-publish","hentry"],"_links":{"self":[{"href":"https:\/\/lenkahotel.cz\/pl\/wp-json\/wp\/v2\/pages\/2505","targetHints":{"allow":["GET"]}}],"collection":[{"href":"https:\/\/lenkahotel.cz\/pl\/wp-json\/wp\/v2\/pages"}],"about":[{"href":"https:\/\/lenkahotel.cz\/pl\/wp-json\/wp\/v2\/types\/page"}],"author":[{"embeddable":true,"href":"https:\/\/lenkahotel.cz\/pl\/wp-json\/wp\/v2\/users\/1"}],"replies":[{"embeddable":true,"href":"https:\/\/lenkahotel.cz\/pl\/wp-json\/wp\/v2\/comments?post=2505"}],"version-history":[{"count":6,"href":"https:\/\/lenkahotel.cz\/pl\/wp-json\/wp\/v2\/pages\/2505\/revisions"}],"predecessor-version":[{"id":4462,"href":"https:\/\/lenkahotel.cz\/pl\/wp-json\/wp\/v2\/pages\/2505\/revisions\/4462"}],"wp:attachment":[{"href":"https:\/\/lenkahotel.cz\/pl\/wp-json\/wp\/v2\/media?parent=2505"}],"curies":[{"name":"wp","href":"https:\/\/api.w.org\/{rel}","templated":true}]}}