{"id":2510,"date":"2024-09-06T13:14:59","date_gmt":"2024-09-06T11:14:59","guid":{"rendered":"https:\/\/lenkahotel.cz\/zima-2\/"},"modified":"2025-02-11T15:43:43","modified_gmt":"2025-02-11T14:43:43","slug":"zima-2","status":"publish","type":"page","link":"https:\/\/lenkahotel.cz\/pl\/zima-2\/","title":{"rendered":"Zima"},"content":{"rendered":"<p>[et_pb_section fb_built=&#8221;1&#8243; _builder_version=&#8221;4.27.0&#8243; _module_preset=&#8221;default&#8221; background_image=&#8221;http:\/\/lenkahotel.cz\/wp-content\/uploads\/2024\/09\/spindleruv-mlyn-zima.jpg&#8221; custom_margin=&#8221;||||false|false&#8221; custom_padding=&#8221;150px||50px||false|false&#8221; global_colors_info=&#8221;{}&#8221; min_height__hover_enabled=&#8221;on|desktop&#8221;][et_pb_row _builder_version=&#8221;4.27.0&#8243; _module_preset=&#8221;default&#8221; global_colors_info=&#8221;{}&#8221;][et_pb_column type=&#8221;4_4&#8243; _builder_version=&#8221;4.27.0&#8243; _module_preset=&#8221;default&#8221; global_colors_info=&#8221;{}&#8221;][et_pb_heading title=&#8221;Zima v hotelu Lenka&#8221; _builder_version=&#8221;4.27.0&#8243; _module_preset=&#8221;default&#8221; title_font=&#8221;Proxima nova semibold|||on|||||&#8221; title_text_align=&#8221;center&#8221; title_text_color=&#8221;#FFFFFF&#8221; title_font_size=&#8221;50px&#8221; global_colors_info=&#8221;{}&#8221;][\/et_pb_heading][\/et_pb_column][\/et_pb_row][\/et_pb_section][et_pb_section fb_built=&#8221;1&#8243; _builder_version=&#8221;4.27.0&#8243; _module_preset=&#8221;default&#8221; global_colors_info=&#8221;{}&#8221;][et_pb_row column_structure=&#8221;1_2,1_2&#8243; _builder_version=&#8221;4.27.0&#8243; _module_preset=&#8221;default&#8221; max_width=&#8221;70%&#8221; global_colors_info=&#8221;{}&#8221;][et_pb_column type=&#8221;1_2&#8243; _builder_version=&#8221;4.27.0&#8243; _module_preset=&#8221;default&#8221; global_colors_info=&#8221;{}&#8221;][et_pb_heading title=&#8221;POBYT ZIMOWY W SZPINDLEROWYM M\u0141YNIE&#8221; _builder_version=&#8221;4.27.0&#8243; _module_preset=&#8221;default&#8221; title_level=&#8221;h2&#8243; title_font=&#8221;Proxima nova semibold||||||||&#8221; title_text_align=&#8221;left&#8221; title_text_color=&#8221;#ac996a&#8221; title_font_size=&#8221;35px&#8221; width=&#8221;80%&#8221; width_tablet=&#8221;80%&#8221; width_phone=&#8221;100%&#8221; width_last_edited=&#8221;on|phone&#8221; custom_padding=&#8221;||||false|false&#8221; hover_enabled=&#8221;0&#8243; global_colors_info=&#8221;{}&#8221; sticky_enabled=&#8221;0&#8243;][\/et_pb_heading][et_pb_text _builder_version=&#8221;4.27.0&#8243; _module_preset=&#8221;default&#8221; text_font_size=&#8221;16px&#8221; global_colors_info=&#8221;{}&#8221;]<\/p>\n<p><span>Zakwaterowanie w hotelu Lenka jest idealnym wyborem na <strong>zimowy wypoczynek w Szpindlerowym M\u0142ynie<\/strong>, szczeg\u00f3lnie dla mi\u0142o\u015bnik\u00f3w narciarstwa. <\/span><\/p>\n<p><span><strong>Hotel po\u0142o\u017cony jest w samym sercu o\u015brodka Svat\u00fd Petr, 3 minuty spacerem od 6-osobowej kolejki linowej,<\/strong> co zapewnia \u0142atwy dost\u0119p do stok\u00f3w i niezr\u00f3wnany komfort dla narciarzy.<\/span><\/p>\n<p><span><strong>Tylko nasi go\u015bcie maj\u0105 pozwolenie na wjazd bezpo\u015brednio na teren o\u015brodka, <\/strong>nie musz\u0105 wi\u0119c martwi\u0107 si\u0119 o transport w warunkach zimowych. Do dyspozycji go\u015bci mamy trzy parkingi tu\u017c obok hotelu. <\/span><\/p>\n<p><span>Je\u017celi szukasz<\/span><strong> noclegu zim\u0105 w Szpindlerowym M\u0142ynie,<\/strong><span> hotel Lenka zapewni Ci komfort i blisko\u015b\u0107 <\/span> <strong> stok\u00f3w narciarskich<\/strong><span> w otoczeniu wspania\u0142ej zimowej natury Karkonoszy.<\/span><\/p>\n<p>[\/et_pb_text][\/et_pb_column][et_pb_column type=&#8221;1_2&#8243; _builder_version=&#8221;4.27.0&#8243; _module_preset=&#8221;default&#8221; global_colors_info=&#8221;{}&#8221;][et_pb_image src=&#8221;http:\/\/lenkahotel.cz\/wp-content\/uploads\/2024\/09\/Zima-spindleruv-mlyn.png&#8221; title_text=&#8221;Zima Szpindlerowy M\u0142yn&#8221; _builder_version=&#8221;4.27.0&#8243; _module_preset=&#8221;default&#8221; custom_margin=&#8221;||||false|false&#8221; global_colors_info=&#8221;{}&#8221;][\/et_pb_image][\/et_pb_column][\/et_pb_row][et_pb_row _builder_version=&#8221;4.27.0&#8243; _module_preset=&#8221;default&#8221; global_colors_info=&#8221;{}&#8221;][et_pb_column type=&#8221;4_4&#8243; _builder_version=&#8221;4.27.0&#8243; _module_preset=&#8221;default&#8221; global_colors_info=&#8221;{}&#8221;][et_pb_divider color=&#8221;#AC996A&#8221; divider_weight=&#8221;2px&#8221; _builder_version=&#8221;4.27.0&#8243; _module_preset=&#8221;default&#8221; transform_scale=&#8221;111%|100%&#8221; transform_scale_linked=&#8221;off&#8221; global_colors_info=&#8221;{}&#8221;][\/et_pb_divider][\/et_pb_column][\/et_pb_row][et_pb_row column_structure=&#8221;1_2,1_2&#8243; _builder_version=&#8221;4.27.0&#8243; _module_preset=&#8221;default&#8221; max_width=&#8221;70%&#8221; global_colors_info=&#8221;{}&#8221;][et_pb_column type=&#8221;1_2&#8243; _builder_version=&#8221;4.27.0&#8243; _module_preset=&#8221;default&#8221; global_colors_info=&#8221;{}&#8221;][et_pb_image src=&#8221;http:\/\/lenkahotel.cz\/wp-content\/uploads\/2024\/09\/lyzovani-spindleruv-mlyn.jpeg&#8221; title_text=&#8221;narciarstwo Szpindlerowy M\u0142yn&#8221; _builder_version=&#8221;4.27.0&#8243; _module_preset=&#8221;default&#8221; custom_margin=&#8221;50px||||false|false&#8221; global_colors_info=&#8221;{}&#8221;][\/et_pb_image][\/et_pb_column][et_pb_column type=&#8221;1_2&#8243; _builder_version=&#8221;4.27.0&#8243; _module_preset=&#8221;default&#8221; global_colors_info=&#8221;{}&#8221;][et_pb_heading title=&#8221;SZPINDLEROWY M\u0141YN&#8221; _builder_version=&#8221;4.27.0&#8243; _module_preset=&#8221;default&#8221; title_level=&#8221;h2&#8243; title_font=&#8221;Proxima nova semibold||||||||&#8221; title_text_align=&#8221;left&#8221; title_text_color=&#8221;#ac996a&#8221; title_font_size=&#8221;35px&#8221; width=&#8221;80%&#8221; custom_padding=&#8221;||||false|false&#8221; global_colors_info=&#8221;{}&#8221;][\/et_pb_heading][et_pb_text _builder_version=&#8221;4.27.0&#8243; _module_preset=&#8221;default&#8221; text_font_size=&#8221;16px&#8221; header_4_font=&#8221;Proxima nova semibold||||||||&#8221; header_4_text_color=&#8221;#AC996A&#8221; global_colors_info=&#8221;{}&#8221;]<\/p>\n<p>W Szpindlerowym M\u0142ynie dzia\u0142a 5 kolejek linowych &#8211; <strong>jedna sze\u015bcioosobowa (RWE line Svat\u00fd Petr),<\/strong> trzy czteroosobowe (Medv\u011bd\u00edn, Hromovka a Labsk\u00e1), a jedna dwuosobowa (Svat\u00fd Petr), a tak\u017ce 12 wyci\u0105g\u00f3w (na Horn\u00edch M\u00edse\u010dk\u00e1ch, na Stohu&#8230;).<\/p>\n<p>\u0141\u0105czna zdolno\u015b\u0107 przewozowa wynosi co najmniej 18 000 os\u00f3b za godzin\u0119, kt\u00f3re mog\u0105 je\u017adzi\u0107 po 25 km tras zjazdowych. W ramach ca\u0142ego Szpindlerowego M\u0142yna obowi\u0105zuje jedna cena. O\u015brodki Svat\u00fd Petr, Medv\u011bd\u00edn i Labsk\u00e1 s\u0105 ze sob\u0105 po\u0142\u0105czone regularnie kursuj\u0105c\u0105 lini\u0105 Ski Busu.<\/p>\n<p>Strony internetowe operatora <strong><a>ww.skiareal.cz<\/a><\/strong><\/p>\n<p>Aktualne informacje i godziny otwarcia kolejek linowych:<strong> <a>www.skiareal.cz\/aktualne godziny otwarcia<\/a><\/strong><\/p>\n<h4><strong>Wypo\u017cyczenie sprz\u0119tu narciarskiego<\/strong><\/h4>\n<p>Sprz\u0119t narciarski mo\u017cna wypo\u017cyczy\u0107 \u0142atwo i szybko. Je\u015bli masz jakiekolwiek pytania, ch\u0119tnie doradzimy w recepcji.<\/p>\n<p>Zim\u0105 nie zapomnij o <strong>\u0142a\u0144cuchach \u015bniegowych.<\/strong><\/p>\n<p>&nbsp;<\/p>\n<p>[\/et_pb_text][\/et_pb_column][\/et_pb_row][et_pb_row _builder_version=&#8221;4.27.0&#8243; _module_preset=&#8221;default&#8221; global_colors_info=&#8221;{}&#8221;][et_pb_column type=&#8221;4_4&#8243; _builder_version=&#8221;4.27.0&#8243; _module_preset=&#8221;default&#8221; global_colors_info=&#8221;{}&#8221;][et_pb_divider color=&#8221;#AC996A&#8221; divider_weight=&#8221;2px&#8221; _builder_version=&#8221;4.27.0&#8243; _module_preset=&#8221;default&#8221; transform_scale=&#8221;111%|100%&#8221; transform_scale_linked=&#8221;off&#8221; global_colors_info=&#8221;{}&#8221;][\/et_pb_divider][\/et_pb_column][\/et_pb_row][et_pb_row column_structure=&#8221;1_2,1_2&#8243; _builder_version=&#8221;4.27.0&#8243; _module_preset=&#8221;default&#8221; max_width=&#8221;70%&#8221; global_colors_info=&#8221;{}&#8221;][et_pb_column type=&#8221;1_2&#8243; _builder_version=&#8221;4.27.0&#8243; _module_preset=&#8221;default&#8221; global_colors_info=&#8221;{}&#8221;][et_pb_heading title=&#8221;O\u015aRODEK SVAT\u00dd PETR&#8221; _builder_version=&#8221;4.27.0&#8243; _module_preset=&#8221;default&#8221; title_level=&#8221;h2&#8243; title_font=&#8221;Proxima nova semibold||||||||&#8221; title_text_align=&#8221;left&#8221; title_text_color=&#8221;#ac996a&#8221; title_font_size=&#8221;35px&#8221; width=&#8221;80%&#8221; custom_padding=&#8221;||||false|false&#8221; global_colors_info=&#8221;{}&#8221;][\/et_pb_heading][et_pb_text _builder_version=&#8221;4.27.0&#8243; _module_preset=&#8221;default&#8221; text_font_size=&#8221;16px&#8221; global_colors_info=&#8221;{}&#8221;]<\/p>\n<p>Svat\u00fd Petr jest <strong>najwa\u017cniejszym centrum wydarze\u0144 sportowych w Szpindlerowym M\u0142ynie. <\/strong><\/p>\n<p>Co roku jest aren\u0105 najwa\u017cniejszych wydarze\u0144 sportowych.<br \/><strong>W o\u015brodku Svat\u00fd Petr w sezonie zimowym dzia\u0142aj\u0105 dwie kolejki linowe <\/strong>&#8211; 6-osobowa kolejka linowa RWE line Svat\u00fd Petr &#8211; Pl\u00e1\u0148 i 2-osobowa kolejka linowa na czarnej trasie FIS World Cup. Dzia\u0142a tu tak\u017ce wyci\u0105g narciarski w g\u00f3rnej cz\u0119\u015bci czarnej trasy zjazdowej.<br \/>  <strong>Niebieska trasa zjazdowa Svat\u00fd Petr-Pl\u00e1\u0148 o d\u0142ugo\u015bci 2700 metr\u00f3w jest najd\u0142u\u017csz\u0105 w Szpindlerowym M\u0142ynie.<br \/><\/strong><\/p>\n<p>O\u015brodek Svat\u00fd Petr oferuje<br \/><strong>wysokiej jako\u015bci techniczne na\u015bnie\u017canie, codziennie przygotowywane trasy zjazdowe zar\u00f3wno dla narciarzy zaawansowanych, jak i pocz\u0105tkuj\u0105cych. <\/strong><br \/>Tutejsze trasy zjazdowe s\u0105 najwy\u017cszej jako\u015bci w ca\u0142ej Republice Czeskiej pod wzgl\u0119dem wysoko\u015bci przewy\u017cszenia i przygotowania. <\/p>\n<p>[\/et_pb_text][\/et_pb_column][et_pb_column type=&#8221;1_2&#8243; _builder_version=&#8221;4.27.0&#8243; _module_preset=&#8221;default&#8221; global_colors_info=&#8221;{}&#8221;][et_pb_image src=&#8221;http:\/\/lenkahotel.cz\/wp-content\/uploads\/2024\/09\/svaty-petr-lyzovani.png&#8221; title_text=&#8221;Svat\u00fd Petr narciarstwo&#8221; _builder_version=&#8221;4.27.0&#8243; _module_preset=&#8221;default&#8221; custom_margin=&#8221;||||false|false&#8221; global_colors_info=&#8221;{}&#8221;][\/et_pb_image][\/et_pb_column][\/et_pb_row][\/et_pb_section]<\/p>\n","protected":false},"excerpt":{"rendered":"<p>Zakwaterowanie w hotelu Lenka jest idealnym wyborem na zimowy wypoczynek w Szpindlerowym M\u0142ynie, szczeg\u00f3lnie dla mi\u0142o\u015bnik\u00f3w narciarstwa. Hotel po\u0142o\u017cony jest w samym sercu o\u015brodka Svat\u00fd Petr, 3 minuty spacerem od 6-osobowej kolejki linowej, co zapewnia \u0142atwy dost\u0119p do stok\u00f3w i niezr\u00f3wnany komfort dla narciarzy. Tylko nasi go\u015bcie maj\u0105 pozwolenie na wjazd bezpo\u015brednio na teren o\u015brodka, [&hellip;]<\/p>\n","protected":false},"author":1,"featured_media":0,"parent":0,"menu_order":0,"comment_status":"closed","ping_status":"closed","template":"","meta":{"_et_pb_use_builder":"on","_et_pb_old_content":"","_et_gb_content_width":"","footnotes":""},"class_list":["post-2510","page","type-page","status-publish","hentry"],"_links":{"self":[{"href":"https:\/\/lenkahotel.cz\/pl\/wp-json\/wp\/v2\/pages\/2510","targetHints":{"allow":["GET"]}}],"collection":[{"href":"https:\/\/lenkahotel.cz\/pl\/wp-json\/wp\/v2\/pages"}],"about":[{"href":"https:\/\/lenkahotel.cz\/pl\/wp-json\/wp\/v2\/types\/page"}],"author":[{"embeddable":true,"href":"https:\/\/lenkahotel.cz\/pl\/wp-json\/wp\/v2\/users\/1"}],"replies":[{"embeddable":true,"href":"https:\/\/lenkahotel.cz\/pl\/wp-json\/wp\/v2\/comments?post=2510"}],"version-history":[{"count":3,"href":"https:\/\/lenkahotel.cz\/pl\/wp-json\/wp\/v2\/pages\/2510\/revisions"}],"predecessor-version":[{"id":2587,"href":"https:\/\/lenkahotel.cz\/pl\/wp-json\/wp\/v2\/pages\/2510\/revisions\/2587"}],"wp:attachment":[{"href":"https:\/\/lenkahotel.cz\/pl\/wp-json\/wp\/v2\/media?parent=2510"}],"curies":[{"name":"wp","href":"https:\/\/api.w.org\/{rel}","templated":true}]}}