{"id":2513,"date":"2024-08-13T21:11:14","date_gmt":"2024-08-13T19:11:14","guid":{"rendered":"https:\/\/lenkahotel.cz\/strona-testowa\/"},"modified":"2025-02-02T20:40:22","modified_gmt":"2025-02-02T19:40:22","slug":"strona-testowa","status":"publish","type":"page","link":"https:\/\/lenkahotel.cz\/pl\/strona-testowa\/","title":{"rendered":"Strona testowa"},"content":{"rendered":"\n<p>W\u0142a\u015bnie przegl\u0105dasz przyk\u0142adow\u0105 stron\u0119, kt\u00f3ra zosta\u0142a utworzona automatycznie podczas instalacji <br\/>WordPress. Strony r\u00f3\u017cni\u0105 si\u0119 od post\u00f3w g\u0142\u00f3wnie tym, \u017ce zawieraj\u0105 statyczny tekst i s\u0105 wy\u015bwietlane w tym samym miejscu witryny (w wi\u0119kszo\u015bci szablon\u00f3w jest to menu nawigacyjne). Ludzie zazwyczaj najpierw tworz\u0105 podstawowe strony informacyjne, na kt\u00f3rych przedstawiaj\u0105 si\u0119 odwiedzaj\u0105cym witryn\u0119 i informuj\u0105 o swoich zamiarach. Mo\u017ce to by\u0107 na przyk\u0142ad co\u015b w nast\u0119puj\u0105cym stylu:<br\/><br\/>    <\/p>\n\n<blockquote class=\"wp-block-quote is-layout-flow wp-block-quote-is-layout-flow\"><p>Cze\u015b\u0107! Jestem J\u00f3zef i mieszkam w Pilznie. Pracuj\u0119 jako kierowca autobusu, a po nocach pisz\u0119 blog, moim zdaniem, na interesuj\u0105ce tematy&#8230;  <\/p><\/blockquote>\n\n<p>&#8230; lub co\u015b takiego:<\/p>\n\n<blockquote class=\"wp-block-quote is-layout-flow wp-block-quote-is-layout-flow\"><p>Firma XYZ powsta\u0142a w 1989 roku i od samego pocz\u0105tku oferuje swoim klientom wspania\u0142e produkty na co\u015b tam. XYZ koncentruje si\u0119 przede wszystkim na jako\u015bci i szczeg\u00f3\u0142ach, wykorzystuj\u0105c najnowsze technologie oraz zapewniaj\u0105c d\u0142ug\u0105 \u017cywotno\u015b\u0107. Siedziba firmy mie\u015bci si\u0119 w Kocourkovie i zatrudnia ponad 300 fachowc\u00f3w z r\u00f3\u017cnych dziedzin.<br\/><br\/>  <\/p><\/blockquote>\n\n<p>Je\u015bli dopiero zaczynasz pracowa\u0107 z WordPress, najpierw zaloguj si\u0119 do <a href=\"https:\/\/lenkahotel.cz\/wp-admin\/\">panelu administracyjnego<\/a> i usu\u0144 (lub modyfikuj) t\u0119 stron\u0119. I nic ju\u017c nie stoi na przeszkodzie, aby tworzy\u0107 kolejne tre\u015bci witryny w postaci nowych stron i wpis\u00f3w. Mam nadziej\u0119, \u017ce b\u0119dziesz zadowolony z zarz\u0105dzania witryn\u0105 w systemie redakcyjnym WordPress!<br\/><br\/><br\/>  <\/p>\n","protected":false},"excerpt":{"rendered":"<p>W\u0142a\u015bnie przegl\u0105dasz przyk\u0142adow\u0105 stron\u0119, kt\u00f3ra zosta\u0142a utworzona automatycznie podczas instalacji WordPress. Strony r\u00f3\u017cni\u0105 si\u0119 od post\u00f3w g\u0142\u00f3wnie tym, \u017ce zawieraj\u0105 statyczny tekst i s\u0105 wy\u015bwietlane w tym samym miejscu witryny (w wi\u0119kszo\u015bci szablon\u00f3w jest to menu nawigacyjne). Ludzie zazwyczaj najpierw tworz\u0105 podstawowe strony informacyjne, na kt\u00f3rych przedstawiaj\u0105 si\u0119 odwiedzaj\u0105cym witryn\u0119 i informuj\u0105 o swoich zamiarach. [&hellip;]<\/p>\n","protected":false},"author":1,"featured_media":0,"parent":0,"menu_order":0,"comment_status":"closed","ping_status":"open","template":"","meta":{"_et_pb_use_builder":"","_et_pb_old_content":"","_et_gb_content_width":"","footnotes":""},"class_list":["post-2513","page","type-page","status-publish","hentry"],"_links":{"self":[{"href":"https:\/\/lenkahotel.cz\/pl\/wp-json\/wp\/v2\/pages\/2513","targetHints":{"allow":["GET"]}}],"collection":[{"href":"https:\/\/lenkahotel.cz\/pl\/wp-json\/wp\/v2\/pages"}],"about":[{"href":"https:\/\/lenkahotel.cz\/pl\/wp-json\/wp\/v2\/types\/page"}],"author":[{"embeddable":true,"href":"https:\/\/lenkahotel.cz\/pl\/wp-json\/wp\/v2\/users\/1"}],"replies":[{"embeddable":true,"href":"https:\/\/lenkahotel.cz\/pl\/wp-json\/wp\/v2\/comments?post=2513"}],"version-history":[{"count":1,"href":"https:\/\/lenkahotel.cz\/pl\/wp-json\/wp\/v2\/pages\/2513\/revisions"}],"predecessor-version":[{"id":2514,"href":"https:\/\/lenkahotel.cz\/pl\/wp-json\/wp\/v2\/pages\/2513\/revisions\/2514"}],"wp:attachment":[{"href":"https:\/\/lenkahotel.cz\/pl\/wp-json\/wp\/v2\/media?parent=2513"}],"curies":[{"name":"wp","href":"https:\/\/api.w.org\/{rel}","templated":true}]}}